{"id":27,"date":"2026-01-26T19:45:45","date_gmt":"2026-01-26T19:45:45","guid":{"rendered":"https:\/\/www.ecoleinterventionshyperbares.com\/?page_id=27"},"modified":"2026-02-14T11:06:26","modified_gmt":"2026-02-14T11:06:26","slug":"eih","status":"publish","type":"page","link":"https:\/\/www.ecoleinterventionshyperbares.com\/","title":{"rendered":"EIH"},"content":{"rendered":"<p>[et_pb_section fb_built=\u00a0\u00bb1&Prime; fullwidth=\u00a0\u00bbon\u00a0\u00bb _builder_version=\u00a0\u00bb4.27.5&Prime; _module_preset=\u00a0\u00bbdefault\u00a0\u00bb background_image=\u00a0\u00bbhttp:\/\/www.ecoleinterventionshyperbares.com\/wp-content\/uploads\/2026\/02\/@krakenplongee-1-1-scaled.png\u00a0\u00bb parallax=\u00a0\u00bbon\u00a0\u00bb width=\u00a0\u00bb100%\u00a0\u00bb max_width=\u00a0\u00bb100%\u00a0\u00bb filter_opacity=\u00a0\u00bb90%\u00a0\u00bb global_colors_info=\u00a0\u00bb{}\u00a0\u00bb][et_pb_fullwidth_header text_orientation=\u00a0\u00bbcenter\u00a0\u00bb background_overlay_color=\u00a0\u00bbRGBA(255,255,255,0)\u00a0\u00bb _builder_version=\u00a0\u00bb4.27.5&Prime; _module_preset=\u00a0\u00bbdefault\u00a0\u00bb title_font=\u00a0\u00bbSource Code Pro|500||on|||||\u00a0\u00bb title_text_align=\u00a0\u00bbcenter\u00a0\u00bb title_text_color=\u00a0\u00bb#FFFFFF\u00a0\u00bb title_font_size=\u00a0\u00bb35px\u00a0\u00bb title_line_height=\u00a0\u00bb1.4em\u00a0\u00bb subhead_font=\u00a0\u00bbArial|600||on|||||\u00a0\u00bb subhead_text_align=\u00a0\u00bbcenter\u00a0\u00bb subhead_font_size=\u00a0\u00bb16px\u00a0\u00bb subhead_line_height=\u00a0\u00bb1.2em\u00a0\u00bb background_color=\u00a0\u00bbRGBA(255,255,255,0)\u00a0\u00bb custom_padding=\u00a0\u00bb6px||0px|||\u00a0\u00bb global_colors_info=\u00a0\u00bb{}\u00a0\u00bb][\/et_pb_fullwidth_header][et_pb_fullwidth_header title=\u00a0\u00bbEIH\u00a0\u00bb subhead=\u00a0\u00bbPLONG\u00c9E PROFESSIONNELLE | CAH MENTION B\u00a0\u00bb text_orientation=\u00a0\u00bbcenter\u00a0\u00bb background_overlay_color=\u00a0\u00bbRGBA(255,255,255,0)\u00a0\u00bb _builder_version=\u00a0\u00bb4.27.5&Prime; _module_preset=\u00a0\u00bbdefault\u00a0\u00bb title_level=\u00a0\u00bbh2&Prime; title_font=\u00a0\u00bbFira Code|800||on|||||\u00a0\u00bb title_text_align=\u00a0\u00bbcenter\u00a0\u00bb title_text_color=\u00a0\u00bb#FFFFFF\u00a0\u00bb title_font_size=\u00a0\u00bb70px\u00a0\u00bb title_line_height=\u00a0\u00bb1.1em\u00a0\u00bb subhead_font=\u00a0\u00bbFira Code|||on|||||\u00a0\u00bb subhead_text_align=\u00a0\u00bbcenter\u00a0\u00bb subhead_text_color=\u00a0\u00bb#FFFFFF\u00a0\u00bb subhead_font_size=\u00a0\u00bb16px\u00a0\u00bb subhead_line_height=\u00a0\u00bb1.3em\u00a0\u00bb background_color=\u00a0\u00bbRGBA(255,255,255,0)\u00a0\u00bb custom_button_one=\u00a0\u00bbon\u00a0\u00bb button_one_text_size=\u00a0\u00bb14px\u00a0\u00bb button_one_text_color=\u00a0\u00bb#41c21d\u00a0\u00bb button_one_bg_color=\u00a0\u00bb#FFFFFF\u00a0\u00bb button_one_font=\u00a0\u00bbArial|600||on|||||\u00a0\u00bb button_one_use_icon=\u00a0\u00bboff\u00a0\u00bb transform_translate=\u00a0\u00bb16px|170px\u00a0\u00bb min_height=\u00a0\u00bb370.6px\u00a0\u00bb custom_margin=\u00a0\u00bb590px|||||\u00a0\u00bb custom_padding=\u00a0\u00bb16px||422px|||\u00a0\u00bb global_colors_info=\u00a0\u00bb{}\u00a0\u00bb][\/et_pb_fullwidth_header][\/et_pb_section][et_pb_section fb_built=\u00a0\u00bb1&Prime; _builder_version=\u00a0\u00bb4.27.5&Prime; _module_preset=\u00a0\u00bbdefault\u00a0\u00bb custom_margin=\u00a0\u00bb-209px||50px|||\u00a0\u00bb global_colors_info=\u00a0\u00bb{}\u00a0\u00bb][et_pb_row _builder_version=\u00a0\u00bb4.27.5&Prime; _module_preset=\u00a0\u00bbdefault\u00a0\u00bb global_colors_info=\u00a0\u00bb{}\u00a0\u00bb][et_pb_column type=\u00a0\u00bb4_4&Prime; _builder_version=\u00a0\u00bb4.27.5&Prime; _module_preset=\u00a0\u00bbdefault\u00a0\u00bb global_colors_info=\u00a0\u00bb{}\u00a0\u00bb][dsm_typing_effect before_typing_effect=\u00a0\u00bb\u00c9COLE D&rsquo;INTERVENTIONS HYPERBARES |\u00a0\u00bb typing_effect=\u00a0\u00bbSCAPHANDRIERS.\u00c8RES DU CAH CLASSE 0 MENTION B AU CAH CALSSE 3 MENTION B | 0 &#8211; 100 M\u00c8TRES\u00a0\u00bb before_new_line=\u00a0\u00bboff\u00a0\u00bb after_typing_effect=\u00a0\u00bb| LA CIOTAT &#8211; CALVI\u00a0\u00bb after_new_line=\u00a0\u00bboff\u00a0\u00bb typing_cursor_color=\u00a0\u00bb#7CDA24&Prime; typing_background_color=\u00a0\u00bbRGBA(255,255,255,0)\u00a0\u00bb after_typing_background_color=\u00a0\u00bb#FFFFFF\u00a0\u00bb _builder_version=\u00a0\u00bb4.27.5&Prime; _module_preset=\u00a0\u00bbdefault\u00a0\u00bb header_font=\u00a0\u00bbFira Code|||on|||||\u00a0\u00bb header_text_align=\u00a0\u00bbcenter\u00a0\u00bb header_text_color=\u00a0\u00bb#000000&Prime; header_font_size=\u00a0\u00bb12px\u00a0\u00bb header_letter_spacing=\u00a0\u00bb2px\u00a0\u00bb after_font=\u00a0\u00bb|600||on|||||\u00a0\u00bb after_text_color=\u00a0\u00bb#41c21d\u00a0\u00bb custom_margin=\u00a0\u00bb29px||142px|||\u00a0\u00bb global_colors_info=\u00a0\u00bb{}\u00a0\u00bb][\/dsm_typing_effect][et_pb_text _builder_version=\u00a0\u00bb4.27.5&Prime; _module_preset=\u00a0\u00bbdefault\u00a0\u00bb text_font=\u00a0\u00bbFira Code||||||||\u00a0\u00bb hover_enabled=\u00a0\u00bb0&Prime; global_colors_info=\u00a0\u00bb{}\u00a0\u00bb text_font_size=\u00a0\u00bb14px\u00a0\u00bb sticky_enabled=\u00a0\u00bb0&Prime;]<\/p>\n<p><span>\u00ab\u00a0Quel prodige te transforme en poisson\u00a0? (\u2026)\u00a0<\/span><span>On les voit tous dans la mer bondissant : de leurs naseaux l&rsquo;eau jaillit \u00e9lanc\u00e9e ; ils se plongent dans l&rsquo;\u00e9l\u00e9ment liquide, reparaissent \u00e0 sa surface, se replongent encore, nagent en troupe, jouent ensemble, meuvent leurs corps agiles, aspirent l&rsquo;onde et la rejettent dans les airs.<\/span><span>\u00a0\u00bb<\/span><span>\u00a0<\/span><\/p>\n<p><span><strong>Ovide &#8211;<em>\u00a0Les M\u00e9tamorphoses<\/em>, III, 660-691<\/strong><em><br \/><\/em><\/span><\/p>\n<p><span><\/span><\/p>\n<p>[\/et_pb_text][et_pb_image src=\u00a0\u00bbhttp:\/\/www.ecoleinterventionshyperbares.com\/wp-content\/uploads\/2026\/02\/Sans-titre-1.png\u00a0\u00bb alt=\u00a0\u00bblogo \u00c9cole d&rsquo;Interventions Hyperbares\u00a0\u00bb title_text=\u00a0\u00bblogo \u00c9cole d&rsquo;Interventions Hyperbares\u00a0\u00bb align=\u00a0\u00bbcenter\u00a0\u00bb _builder_version=\u00a0\u00bb4.27.5&Prime; _module_preset=\u00a0\u00bbdefault\u00a0\u00bb max_height=\u00a0\u00bb190px\u00a0\u00bb global_colors_info=\u00a0\u00bb{}\u00a0\u00bb][\/et_pb_image][\/et_pb_column][\/et_pb_row][\/et_pb_section]<\/p>\n","protected":false},"excerpt":{"rendered":"<p><div class=\"et_pb_module dsm_typing_effect dsm_typing_effect_0 et_pb_bg_layout_light \">\n\t\t\t\t\n\t\t\t\t\n\t\t\t\t\n\t\t\t\t\n\t\t\t\t\n\t\t\t\t\n\t\t\t\t<div class=\"et_pb_module_inner\">\n\t\t\t\t\t<h1 class=\"dsm-typing-effect et_pb_module_header\"><span class=\"dsm-before-typing-effect\">\u00c9COLE D&#039;INTERVENTIONS HYPERBARES |&nbsp;<\/span><span class=\"dsm-typing-wrapper\"><span class=\"dsm-typing-strings\">SCAPHANDRIERS.\u00c8RES DU CAH CLASSE 0 MENTION B AU CAH CALSSE 3 MENTION B   0 - 100 M\u00c8TRES<\/span><span class=\"dsm-typing\" data-dsm-typing-cursor=\"|\" data-dsm-typing-strings=\"SCAPHANDRIERS.\u00c8RES DU CAH CLASSE 0 MENTION B AU CAH CALSSE 3 MENTION B | 0 - 100 M\u00c8TRES\" data-dsm-typing-speed=100ms data-dsm-typing-backspeed=50ms data-dsm-typing-backdelay=700ms data-dsm-typing-loop=true data-dsm-typing-fadeout=false data-dsm-typing-shuffle=false data-dsm-typing-delay=0ms data-dsm-typing-viewport=80% data-dsm-typing-repeat=on><\/span><\/span><span class=\"dsm-after-typing-effect\">&nbsp;| LA CIOTAT - CALVI<\/span><\/h1>\n\t\t\t\t<\/div>\n\t\t\t<\/div>\u00ab\u00a0Quel prodige te transforme en poisson\u00a0? (\u2026)\u00a0On les voit tous dans [&hellip;]<\/p>\n","protected":false},"author":1,"featured_media":0,"parent":0,"menu_order":0,"comment_status":"closed","ping_status":"closed","template":"","meta":{"_et_pb_use_builder":"on","_et_pb_old_content":"","_et_gb_content_width":"1080","footnotes":""},"class_list":["post-27","page","type-page","status-publish","hentry"],"_links":{"self":[{"href":"https:\/\/www.ecoleinterventionshyperbares.com\/index.php\/wp-json\/wp\/v2\/pages\/27","targetHints":{"allow":["GET"]}}],"collection":[{"href":"https:\/\/www.ecoleinterventionshyperbares.com\/index.php\/wp-json\/wp\/v2\/pages"}],"about":[{"href":"https:\/\/www.ecoleinterventionshyperbares.com\/index.php\/wp-json\/wp\/v2\/types\/page"}],"author":[{"embeddable":true,"href":"https:\/\/www.ecoleinterventionshyperbares.com\/index.php\/wp-json\/wp\/v2\/users\/1"}],"replies":[{"embeddable":true,"href":"https:\/\/www.ecoleinterventionshyperbares.com\/index.php\/wp-json\/wp\/v2\/comments?post=27"}],"version-history":[{"count":93,"href":"https:\/\/www.ecoleinterventionshyperbares.com\/index.php\/wp-json\/wp\/v2\/pages\/27\/revisions"}],"predecessor-version":[{"id":1147,"href":"https:\/\/www.ecoleinterventionshyperbares.com\/index.php\/wp-json\/wp\/v2\/pages\/27\/revisions\/1147"}],"wp:attachment":[{"href":"https:\/\/www.ecoleinterventionshyperbares.com\/index.php\/wp-json\/wp\/v2\/media?parent=27"}],"curies":[{"name":"wp","href":"https:\/\/api.w.org\/{rel}","templated":true}]}}