{"id":527,"date":"2026-02-03T10:47:36","date_gmt":"2026-02-03T10:47:36","guid":{"rendered":"https:\/\/www.ecoleinterventionshyperbares.com\/?page_id=527"},"modified":"2026-03-23T16:37:04","modified_gmt":"2026-03-23T16:37:04","slug":"expertise","status":"publish","type":"page","link":"https:\/\/www.ecoleinterventionshyperbares.com\/index.php\/expertise\/","title":{"rendered":"EXPERTISE"},"content":{"rendered":"<p>[et_pb_section fb_built=\u00a0\u00bb1&Prime; _builder_version=\u00a0\u00bb4.27.5&Prime; _module_preset=\u00a0\u00bbdefault\u00a0\u00bb custom_padding=\u00a0\u00bb7px|||||\u00a0\u00bb global_colors_info=\u00a0\u00bb{}\u00a0\u00bb][et_pb_row _builder_version=\u00a0\u00bb4.27.6&Prime; _module_preset=\u00a0\u00bbdefault\u00a0\u00bb width=\u00a0\u00bb99%\u00a0\u00bb max_width=\u00a0\u00bb2487px\u00a0\u00bb custom_padding=\u00a0\u00bb100px|||||\u00a0\u00bb hover_enabled=\u00a0\u00bb0&Prime; global_colors_info=\u00a0\u00bb{}\u00a0\u00bb sticky_enabled=\u00a0\u00bb0&Prime;][et_pb_column type=\u00a0\u00bb4_4&Prime; _builder_version=\u00a0\u00bb4.27.5&Prime; _module_preset=\u00a0\u00bbdefault\u00a0\u00bb global_colors_info=\u00a0\u00bb{}\u00a0\u00bb][et_pb_text _builder_version=\u00a0\u00bb4.27.6&Prime; _module_preset=\u00a0\u00bbdefault\u00a0\u00bb text_font=\u00a0\u00bbArial|&#8211;et_global_body_font_weight||on|||||\u00a0\u00bb text_font_size=\u00a0\u00bb25px\u00a0\u00bb text_line_height=\u00a0\u00bb1.3em\u00a0\u00bb header_font=\u00a0\u00bbArial|||on|||||\u00a0\u00bb header_text_color=\u00a0\u00bb#000000&Prime; header_line_height=\u00a0\u00bb1.4em\u00a0\u00bb global_colors_info=\u00a0\u00bb{}\u00a0\u00bb]<\/p>\n<h1>MISSIONS EN ENVIRONNEMENT, EXP\u00c9DITIONS, TOURNAGES, FORMATION DE TALENTS ET CASCADES, LOGISTIQUE&#8230; NOUS VOUS ACCOMPAGNONS DANS LA R\u00c9ALISATION DE VOS AMBITIONS SOUS-MARINES.<\/h1>\n<p>[\/et_pb_text][\/et_pb_column][\/et_pb_row][\/et_pb_section][et_pb_section fb_built=\u00a0\u00bb1&Prime; _builder_version=\u00a0\u00bb4.27.5&Prime; _module_preset=\u00a0\u00bbdefault\u00a0\u00bb custom_padding=\u00a0\u00bb135px||8px|||\u00a0\u00bb global_colors_info=\u00a0\u00bb{}\u00a0\u00bb][et_pb_row _builder_version=\u00a0\u00bb4.27.5&Prime; _module_preset=\u00a0\u00bbdefault\u00a0\u00bb module_alignment=\u00a0\u00bbcenter\u00a0\u00bb custom_margin=\u00a0\u00bb|auto|44px|auto||\u00a0\u00bb custom_padding=\u00a0\u00bb20px||34px|||\u00a0\u00bb global_colors_info=\u00a0\u00bb{}\u00a0\u00bb][et_pb_column type=\u00a0\u00bb4_4&Prime; _builder_version=\u00a0\u00bb4.27.5&Prime; _module_preset=\u00a0\u00bbdefault\u00a0\u00bb global_colors_info=\u00a0\u00bb{}\u00a0\u00bb][et_pb_text _builder_version=\u00a0\u00bb4.27.6&Prime; _module_preset=\u00a0\u00bbdefault\u00a0\u00bb text_font=\u00a0\u00bbFira Code|||on|||||\u00a0\u00bb text_font_size=\u00a0\u00bb14px\u00a0\u00bb text_line_height=\u00a0\u00bb1.3em\u00a0\u00bb header_font=\u00a0\u00bbFira Code|||on|||||\u00a0\u00bb header_line_height=\u00a0\u00bb1.3em\u00a0\u00bb header_2_font=\u00a0\u00bbFira Code||||||||\u00a0\u00bb header_2_font_size=\u00a0\u00bb18px\u00a0\u00bb header_2_line_height=\u00a0\u00bb1.3em\u00a0\u00bb module_alignment=\u00a0\u00bbleft\u00a0\u00bb global_colors_info=\u00a0\u00bb{}\u00a0\u00bb]<\/p>\n<h2>NOTRE EXPERTISE AU SERVICE DE VOTRE PROJET HYPERBARE<\/h2>\n<p>&nbsp;<\/p>\n<p>&#8211; CONSEIL \u00c0 LA PR\u00c9VENTION HYPERBARE (CPH)<\/p>\n<p>&#8211; conseil \u00e0 la cr\u00e9ation d&rsquo;organismes de formation hyperbares Mention B et aux audits hyperbares<\/p>\n<p>&#8211; \u00c9valuation du risque hyperbare transcrit au Document Unique d\u2019\u00c9valuation des Risques (DUER)<\/p>\n<p>&#8211; R\u00e9daction du Document Unique d\u2019\u00c9valuation des Risques (DUER)<\/p>\n<p>&#8211; R\u00e9daction du Manuel de S\u00e9curit\u00e9 Hyperbare (MSH)<\/p>\n<p>&#8211; R\u00e9daction des proc\u00e9dures de travail hyperbares<\/p>\n<p>&#8211; R\u00e9daction des proc\u00e9dures de secours hyperbares<\/p>\n<p>&#8211; CONSEIL AUX TRAVAUX SCIENTIFIQUES<\/p>\n<p>&#8211; CONSEIL \u00c0 LA PR\u00c9PARATION D&rsquo;EXP\u00c9DITIONS<\/p>\n<p>&#8211; CONSEIL \u00c0 L&rsquo;\u00c9CRITURE DE SC\u00c9NARIO<\/p>\n<p>&#8211; CASCADES ET R\u00c9GLAGE DE CASCADES<\/p>\n<p>&#8211; FORMATION DES TALENTS<\/p>\n<p>&#8211; AIDE \u00c0 LA PR\u00c9PARATION LOGISTIQUE<\/p>\n<p>&#8211; CHEF DES OP\u00c9RATIONS HYPERBARE (COH)<\/p>\n<p>&#8211; interventions hyperbares mention b jusqu&rsquo;\u00e0 100 m\u00e8tres<\/p>\n<p>&#8211; RECRUTEMENT DES \u00c9QUIPES D&rsquo;INTRVENTION<\/p>\n<p>&#8211; LOCATION DE MAT\u00c9RIEL<\/p>\n<p>&nbsp;<\/p>\n<p>[\/et_pb_text][\/et_pb_column][\/et_pb_row][\/et_pb_section][et_pb_section fb_built=\u00a0\u00bb1&Prime; _builder_version=\u00a0\u00bb4.27.5&Prime; _module_preset=\u00a0\u00bbdefault\u00a0\u00bb custom_padding=\u00a0\u00bb||100px|||\u00a0\u00bb global_colors_info=\u00a0\u00bb{}\u00a0\u00bb][et_pb_row _builder_version=\u00a0\u00bb4.27.5&Prime; _module_preset=\u00a0\u00bbdefault\u00a0\u00bb global_colors_info=\u00a0\u00bb{}\u00a0\u00bb][et_pb_column type=\u00a0\u00bb4_4&Prime; _builder_version=\u00a0\u00bb4.27.5&Prime; _module_preset=\u00a0\u00bbdefault\u00a0\u00bb global_colors_info=\u00a0\u00bb{}\u00a0\u00bb][et_pb_button button_url=\u00a0\u00bbhttp:\/\/contact@ecoleinterventionshyperbares.com\u00a0\u00bb button_text=\u00a0\u00bbNOUS CONTACTER\u00a0\u00bb _builder_version=\u00a0\u00bb4.27.6&Prime; _module_preset=\u00a0\u00bbdefault\u00a0\u00bb custom_button=\u00a0\u00bbon\u00a0\u00bb button_text_size=\u00a0\u00bb15px\u00a0\u00bb button_text_color=\u00a0\u00bb#ffffff\u00a0\u00bb button_bg_color=\u00a0\u00bbrgba(65,194,29,0.89)\u00a0\u00bb button_border_color=\u00a0\u00bbRGBA(255,255,255,0)\u00a0\u00bb button_border_radius=\u00a0\u00bb0px\u00a0\u00bb button_letter_spacing=\u00a0\u00bb0px\u00a0\u00bb button_font=\u00a0\u00bbArial||||||||\u00a0\u00bb button_use_icon=\u00a0\u00bboff\u00a0\u00bb global_colors_info=\u00a0\u00bb{}\u00a0\u00bb][\/et_pb_button][\/et_pb_column][\/et_pb_row][\/et_pb_section][et_pb_section fb_built=\u00a0\u00bb1&Prime; fullwidth=\u00a0\u00bbon\u00a0\u00bb _builder_version=\u00a0\u00bb4.27.5&Prime; _module_preset=\u00a0\u00bbdefault\u00a0\u00bb background_image=\u00a0\u00bbhttp:\/\/www.ecoleinterventionshyperbares.com\/wp-content\/uploads\/2026\/02\/JUSTINE-RAUBY-CASCADE.jpg\u00a0\u00bb parallax=\u00a0\u00bbon\u00a0\u00bb min_height=\u00a0\u00bb486px\u00a0\u00bb custom_padding=\u00a0\u00bb||964px|||\u00a0\u00bb global_colors_info=\u00a0\u00bb{}\u00a0\u00bb][\/et_pb_section]<\/p>\n","protected":false},"excerpt":{"rendered":"<p>MISSIONS EN ENVIRONNEMENT, EXP\u00c9DITIONS, TOURNAGES, FORMATION DE TALENTS ET CASCADES, LOGISTIQUE&#8230; NOUS VOUS ACCOMPAGNONS DANS LA R\u00c9ALISATION DE VOS AMBITIONS SOUS-MARINES.NOTRE EXPERTISE AU SERVICE DE VOTRE PROJET HYPERBARE &nbsp; &#8211; CONSEIL \u00c0 LA PR\u00c9VENTION HYPERBARE (CPH) &#8211; conseil \u00e0 la cr\u00e9ation d&rsquo;organismes de formation hyperbares Mention B et aux audits hyperbares &#8211; \u00c9valuation du risque [&hellip;]<\/p>\n","protected":false},"author":1,"featured_media":0,"parent":0,"menu_order":0,"comment_status":"closed","ping_status":"closed","template":"","meta":{"_et_pb_use_builder":"on","_et_pb_old_content":"<!-- wp:divi\/placeholder \/-->","_et_gb_content_width":"","footnotes":""},"class_list":["post-527","page","type-page","status-publish","hentry"],"_links":{"self":[{"href":"https:\/\/www.ecoleinterventionshyperbares.com\/index.php\/wp-json\/wp\/v2\/pages\/527","targetHints":{"allow":["GET"]}}],"collection":[{"href":"https:\/\/www.ecoleinterventionshyperbares.com\/index.php\/wp-json\/wp\/v2\/pages"}],"about":[{"href":"https:\/\/www.ecoleinterventionshyperbares.com\/index.php\/wp-json\/wp\/v2\/types\/page"}],"author":[{"embeddable":true,"href":"https:\/\/www.ecoleinterventionshyperbares.com\/index.php\/wp-json\/wp\/v2\/users\/1"}],"replies":[{"embeddable":true,"href":"https:\/\/www.ecoleinterventionshyperbares.com\/index.php\/wp-json\/wp\/v2\/comments?post=527"}],"version-history":[{"count":19,"href":"https:\/\/www.ecoleinterventionshyperbares.com\/index.php\/wp-json\/wp\/v2\/pages\/527\/revisions"}],"predecessor-version":[{"id":1327,"href":"https:\/\/www.ecoleinterventionshyperbares.com\/index.php\/wp-json\/wp\/v2\/pages\/527\/revisions\/1327"}],"wp:attachment":[{"href":"https:\/\/www.ecoleinterventionshyperbares.com\/index.php\/wp-json\/wp\/v2\/media?parent=527"}],"curies":[{"name":"wp","href":"https:\/\/api.w.org\/{rel}","templated":true}]}}