{"id":531,"date":"2026-02-03T10:51:18","date_gmt":"2026-02-03T10:51:18","guid":{"rendered":"https:\/\/www.ecoleinterventionshyperbares.com\/?page_id=531"},"modified":"2026-02-11T20:49:21","modified_gmt":"2026-02-11T20:49:21","slug":"acces-contact","status":"publish","type":"page","link":"https:\/\/www.ecoleinterventionshyperbares.com\/index.php\/acces-contact\/","title":{"rendered":"ACC\u00c8S &#038; CONTACT"},"content":{"rendered":"<p>[et_pb_section fb_built=\u00a0\u00bb1&Prime; _builder_version=\u00a0\u00bb4.27.5&Prime; _module_preset=\u00a0\u00bbdefault\u00a0\u00bb min_height=\u00a0\u00bb276px\u00a0\u00bb custom_padding=\u00a0\u00bb120px||0px|||\u00a0\u00bb global_colors_info=\u00a0\u00bb{}\u00a0\u00bb theme_builder_area=\u00a0\u00bbpost_content\u00a0\u00bb][\/et_pb_section][et_pb_section fb_built=\u00a0\u00bb1&Prime; _builder_version=\u00a0\u00bb4.27.5&Prime; _module_preset=\u00a0\u00bbdefault\u00a0\u00bb custom_padding=\u00a0\u00bb7px|||||\u00a0\u00bb global_colors_info=\u00a0\u00bb{}\u00a0\u00bb theme_builder_area=\u00a0\u00bbpost_content\u00a0\u00bb][et_pb_row _builder_version=\u00a0\u00bb4.27.5&Prime; _module_preset=\u00a0\u00bbdefault\u00a0\u00bb width=\u00a0\u00bb98%\u00a0\u00bb max_width=\u00a0\u00bb2487px\u00a0\u00bb global_colors_info=\u00a0\u00bb{}\u00a0\u00bb theme_builder_area=\u00a0\u00bbpost_content\u00a0\u00bb][et_pb_column type=\u00a0\u00bb4_4&Prime; _builder_version=\u00a0\u00bb4.27.5&Prime; _module_preset=\u00a0\u00bbdefault\u00a0\u00bb global_colors_info=\u00a0\u00bb{}\u00a0\u00bb theme_builder_area=\u00a0\u00bbpost_content\u00a0\u00bb][et_pb_text _builder_version=\u00a0\u00bb4.27.5&Prime; _module_preset=\u00a0\u00bbdefault\u00a0\u00bb text_font=\u00a0\u00bbFira Code|&#8211;et_global_body_font_weight||on|||||\u00a0\u00bb text_font_size=\u00a0\u00bb25px\u00a0\u00bb text_line_height=\u00a0\u00bb1.3em\u00a0\u00bb header_font=\u00a0\u00bbFira Code|||on|||||\u00a0\u00bb header_font_size=\u00a0\u00bb25px\u00a0\u00bb hover_enabled=\u00a0\u00bb0&Prime; global_colors_info=\u00a0\u00bb{}\u00a0\u00bb theme_builder_area=\u00a0\u00bbpost_content\u00a0\u00bb sticky_enabled=\u00a0\u00bb0&Prime;]<\/p>\n<h1>contacts<\/h1>\n<p>[\/et_pb_text][\/et_pb_column][\/et_pb_row][\/et_pb_section][et_pb_section fb_built=\u00a0\u00bb1&Prime; _builder_version=\u00a0\u00bb4.27.5&Prime; _module_preset=\u00a0\u00bbdefault\u00a0\u00bb custom_padding=\u00a0\u00bb108px||8px|||\u00a0\u00bb global_colors_info=\u00a0\u00bb{}\u00a0\u00bb theme_builder_area=\u00a0\u00bbpost_content\u00a0\u00bb][et_pb_row _builder_version=\u00a0\u00bb4.27.5&Prime; _module_preset=\u00a0\u00bbdefault\u00a0\u00bb module_alignment=\u00a0\u00bbcenter\u00a0\u00bb custom_padding=\u00a0\u00bb20px||106px|||\u00a0\u00bb global_colors_info=\u00a0\u00bb{}\u00a0\u00bb theme_builder_area=\u00a0\u00bbpost_content\u00a0\u00bb][et_pb_column type=\u00a0\u00bb4_4&Prime; _builder_version=\u00a0\u00bb4.27.5&Prime; _module_preset=\u00a0\u00bbdefault\u00a0\u00bb global_colors_info=\u00a0\u00bb{}\u00a0\u00bb theme_builder_area=\u00a0\u00bbpost_content\u00a0\u00bb][et_pb_text _builder_version=\u00a0\u00bb4.27.5&Prime; _module_preset=\u00a0\u00bbdefault\u00a0\u00bb text_font=\u00a0\u00bbArial|||on|||||\u00a0\u00bb text_font_size=\u00a0\u00bb14px\u00a0\u00bb text_line_height=\u00a0\u00bb1.3em\u00a0\u00bb header_font=\u00a0\u00bbFira Code|||on|||||\u00a0\u00bb header_line_height=\u00a0\u00bb1.3em\u00a0\u00bb header_2_font=\u00a0\u00bbFira Code||||||||\u00a0\u00bb header_2_font_size=\u00a0\u00bb18px\u00a0\u00bb header_2_line_height=\u00a0\u00bb1.3em\u00a0\u00bb module_alignment=\u00a0\u00bbleft\u00a0\u00bb hover_enabled=\u00a0\u00bb0&Prime; global_colors_info=\u00a0\u00bb{}\u00a0\u00bb theme_builder_area=\u00a0\u00bbpost_content\u00a0\u00bb sticky_enabled=\u00a0\u00bb0&Prime;]<\/p>\n<h2 class=\"p3\"><b>\u00c9COLE D\u2019INTERVENTIONS HYPERBARES (EIH)<\/b><\/h2>\n<p class=\"p4\">\n<p class=\"p1\"><b>D\u00e9nomination :<\/b> \u00c9COLE D\u2019INTERVENTIONS HYPERBARES (EIH), SAS<br \/><b>Si\u00e8ge social :<\/b> 8 Rue des Anciennes \u00c9coles, 83740 La Cadi\u00e8re-d\u2019Azur, France<br \/><b>SIRET :<\/b> 991 749 201 00018<br \/><b>TVA :<\/b> Applicable selon la r\u00e9glementation en vigueur<br \/><b>D\u00e9claration d\u2019activit\u00e9 :<\/b> n\u00b0 93830857983 \u2013 Pr\u00e9fet R\u00e9gion PACA<br \/><b>Code APE :<\/b> 85.59A \u2013 Formation continue d\u2019adultes<\/p>\n<p class=\"p1\">PR\u00c9SIDENTE: MICH\u00c8LE LEDUC<\/p>\n<p class=\"p1\">DIRECTRICE G\u00c9N\u00c9RAL: JUSTINE RAUBY<\/p>\n<p class=\"p1\">DIRECTEUR G\u00c9N\u00c9RAL: THIBAULT RAUY<\/p>\n<p class=\"p1\">\n<p class=\"p1\">+ 33 6 60 48 92 70<\/p>\n<p class=\"p1\"><a href=\"mailto:ADMIN@ECOLEINTERVENTIONSHYPERBARES.COM\">ADMIN@ECOLEINTERVENTIONSHYPERBARES.COM<\/a><\/p>\n<p class=\"p1\"><a href=\"mailto:CONTACT@ECOLEINTERVENTIONSHYPERBARES.COM\">CONTACT@ECOLEINTERVENTIONSHYPERBARES.COM<\/a><\/p>\n<p class=\"p1\"><a href=\"mailto:ECOLEINTERVENTIONSHYPERBARES@GMAIL.COM\">ECOLEINTERVENTIONSHYPERBARES@GMAIL.COM<\/a><\/p>\n<p class=\"p1\">[\/et_pb_text][\/et_pb_column][\/et_pb_row][\/et_pb_section]<\/p>\n","protected":false},"excerpt":{"rendered":"<p>contacts\u00c9COLE D\u2019INTERVENTIONS HYPERBARES (EIH) D\u00e9nomination : \u00c9COLE D\u2019INTERVENTIONS HYPERBARES (EIH), SASSi\u00e8ge social : 8 Rue des Anciennes \u00c9coles, 83740 La Cadi\u00e8re-d\u2019Azur, FranceSIRET : 991 749 201 00018TVA : Applicable selon la r\u00e9glementation en vigueurD\u00e9claration d\u2019activit\u00e9 : n\u00b0 93830857983 \u2013 Pr\u00e9fet R\u00e9gion PACACode APE : 85.59A \u2013 Formation continue d\u2019adultes PR\u00c9SIDENTE: MICH\u00c8LE LEDUC DIRECTRICE G\u00c9N\u00c9RAL: JUSTINE [&hellip;]<\/p>\n","protected":false},"author":1,"featured_media":0,"parent":0,"menu_order":0,"comment_status":"closed","ping_status":"closed","template":"","meta":{"_et_pb_use_builder":"on","_et_pb_old_content":"","_et_gb_content_width":"","footnotes":""},"class_list":["post-531","page","type-page","status-publish","hentry"],"_links":{"self":[{"href":"https:\/\/www.ecoleinterventionshyperbares.com\/index.php\/wp-json\/wp\/v2\/pages\/531","targetHints":{"allow":["GET"]}}],"collection":[{"href":"https:\/\/www.ecoleinterventionshyperbares.com\/index.php\/wp-json\/wp\/v2\/pages"}],"about":[{"href":"https:\/\/www.ecoleinterventionshyperbares.com\/index.php\/wp-json\/wp\/v2\/types\/page"}],"author":[{"embeddable":true,"href":"https:\/\/www.ecoleinterventionshyperbares.com\/index.php\/wp-json\/wp\/v2\/users\/1"}],"replies":[{"embeddable":true,"href":"https:\/\/www.ecoleinterventionshyperbares.com\/index.php\/wp-json\/wp\/v2\/comments?post=531"}],"version-history":[{"count":4,"href":"https:\/\/www.ecoleinterventionshyperbares.com\/index.php\/wp-json\/wp\/v2\/pages\/531\/revisions"}],"predecessor-version":[{"id":1130,"href":"https:\/\/www.ecoleinterventionshyperbares.com\/index.php\/wp-json\/wp\/v2\/pages\/531\/revisions\/1130"}],"wp:attachment":[{"href":"https:\/\/www.ecoleinterventionshyperbares.com\/index.php\/wp-json\/wp\/v2\/media?parent=531"}],"curies":[{"name":"wp","href":"https:\/\/api.w.org\/{rel}","templated":true}]}}