{"id":533,"date":"2026-02-03T10:51:52","date_gmt":"2026-02-03T10:51:52","guid":{"rendered":"https:\/\/www.ecoleinterventionshyperbares.com\/?page_id=533"},"modified":"2026-02-11T20:13:02","modified_gmt":"2026-02-11T20:13:02","slug":"mentions-legales","status":"publish","type":"page","link":"https:\/\/www.ecoleinterventionshyperbares.com\/index.php\/mentions-legales\/","title":{"rendered":"MENTIONS L\u00c9GALES"},"content":{"rendered":"<p>[et_pb_section fb_built=\u00a0\u00bb1&Prime; _builder_version=\u00a0\u00bb4.27.5&Prime; _module_preset=\u00a0\u00bbdefault\u00a0\u00bb min_height=\u00a0\u00bb276px\u00a0\u00bb custom_padding=\u00a0\u00bb120px||0px|||\u00a0\u00bb global_colors_info=\u00a0\u00bb{}\u00a0\u00bb theme_builder_area=\u00a0\u00bbpost_content\u00a0\u00bb][\/et_pb_section][et_pb_section fb_built=\u00a0\u00bb1&Prime; _builder_version=\u00a0\u00bb4.27.5&Prime; _module_preset=\u00a0\u00bbdefault\u00a0\u00bb custom_padding=\u00a0\u00bb7px|||||\u00a0\u00bb global_colors_info=\u00a0\u00bb{}\u00a0\u00bb theme_builder_area=\u00a0\u00bbpost_content\u00a0\u00bb][et_pb_row _builder_version=\u00a0\u00bb4.27.5&Prime; _module_preset=\u00a0\u00bbdefault\u00a0\u00bb width=\u00a0\u00bb98%\u00a0\u00bb max_width=\u00a0\u00bb2487px\u00a0\u00bb global_colors_info=\u00a0\u00bb{}\u00a0\u00bb theme_builder_area=\u00a0\u00bbpost_content\u00a0\u00bb][et_pb_column type=\u00a0\u00bb4_4&Prime; _builder_version=\u00a0\u00bb4.27.5&Prime; _module_preset=\u00a0\u00bbdefault\u00a0\u00bb global_colors_info=\u00a0\u00bb{}\u00a0\u00bb theme_builder_area=\u00a0\u00bbpost_content\u00a0\u00bb][et_pb_text _builder_version=\u00a0\u00bb4.27.5&Prime; _module_preset=\u00a0\u00bbdefault\u00a0\u00bb text_font=\u00a0\u00bbFira Code|&#8211;et_global_body_font_weight||on|||||\u00a0\u00bb text_font_size=\u00a0\u00bb25px\u00a0\u00bb text_line_height=\u00a0\u00bb1.3em\u00a0\u00bb header_font=\u00a0\u00bbFira Code|||on|||||\u00a0\u00bb header_font_size=\u00a0\u00bb25px\u00a0\u00bb hover_enabled=\u00a0\u00bb0&Prime; global_colors_info=\u00a0\u00bb{}\u00a0\u00bb theme_builder_area=\u00a0\u00bbpost_content\u00a0\u00bb sticky_enabled=\u00a0\u00bb0&Prime;]<\/p>\n<h1>MENTIONS L\u00c9GALES<\/h1>\n<p>[\/et_pb_text][\/et_pb_column][\/et_pb_row][\/et_pb_section][et_pb_section fb_built=\u00a0\u00bb1&Prime; _builder_version=\u00a0\u00bb4.27.5&Prime; _module_preset=\u00a0\u00bbdefault\u00a0\u00bb custom_padding=\u00a0\u00bb108px||8px|||\u00a0\u00bb global_colors_info=\u00a0\u00bb{}\u00a0\u00bb theme_builder_area=\u00a0\u00bbpost_content\u00a0\u00bb][et_pb_row _builder_version=\u00a0\u00bb4.27.5&Prime; _module_preset=\u00a0\u00bbdefault\u00a0\u00bb module_alignment=\u00a0\u00bbcenter\u00a0\u00bb custom_padding=\u00a0\u00bb20px||106px|||\u00a0\u00bb global_colors_info=\u00a0\u00bb{}\u00a0\u00bb theme_builder_area=\u00a0\u00bbpost_content\u00a0\u00bb][et_pb_column type=\u00a0\u00bb4_4&Prime; _builder_version=\u00a0\u00bb4.27.5&Prime; _module_preset=\u00a0\u00bbdefault\u00a0\u00bb global_colors_info=\u00a0\u00bb{}\u00a0\u00bb theme_builder_area=\u00a0\u00bbpost_content\u00a0\u00bb][et_pb_text _builder_version=\u00a0\u00bb4.27.5&Prime; _module_preset=\u00a0\u00bbdefault\u00a0\u00bb text_font=\u00a0\u00bbArial|||on|||||\u00a0\u00bb text_font_size=\u00a0\u00bb14px\u00a0\u00bb text_line_height=\u00a0\u00bb1.3em\u00a0\u00bb header_font=\u00a0\u00bbFira Code|||on|||||\u00a0\u00bb header_line_height=\u00a0\u00bb1.3em\u00a0\u00bb header_2_font=\u00a0\u00bbFira Code||||||||\u00a0\u00bb header_2_font_size=\u00a0\u00bb18px\u00a0\u00bb header_2_line_height=\u00a0\u00bb1.3em\u00a0\u00bb module_alignment=\u00a0\u00bbleft\u00a0\u00bb hover_enabled=\u00a0\u00bb0&Prime; global_colors_info=\u00a0\u00bb{}\u00a0\u00bb theme_builder_area=\u00a0\u00bbpost_content\u00a0\u00bb sticky_enabled=\u00a0\u00bb0&Prime;]<\/p>\n<p class=\"p2\">\n<p class=\"p3\"><b>1. \u00c9diteur du site<\/b><\/p>\n<p class=\"p4\">Le pr\u00e9sent site est \u00e9dit\u00e9 par :<\/p>\n<p class=\"p4\"><b>D\u00e9nomination sociale :<\/b> \u00c9COLE D\u2019INTERVENTIONS HYPERBARES (EIH)<br \/><b>Forme juridique :<\/b> Soci\u00e9t\u00e9 par Actions Simplifi\u00e9e (SAS)<br \/><b>Si\u00e8ge social :<\/b> 8 Rue des Anciennes \u00c9coles, 83740 La Cadi\u00e8re-d\u2019Azur, France<br \/><b>SIRET :<\/b> 991 749 201 00018<br \/><b>Code APE :<\/b> 85.59A \u2013 Formation continue d\u2019adultes<br \/><b>TVA :<\/b> Applicable selon la r\u00e9glementation en vigueur<br \/><b>D\u00e9claration d\u2019activit\u00e9 :<\/b> n\u00b0 93830857983 \u2013 Pr\u00e9fet de la R\u00e9gion Provence-Alpes-C\u00f4te d\u2019Azur<\/p>\n<p class=\"p4\"><i>(Conform\u00e9ment \u00e0 l\u2019article L.6351-1 du Code du travail, l\u2019enregistrement de la d\u00e9claration d\u2019activit\u00e9 ne vaut pas agr\u00e9ment de l\u2019\u00c9tat.)<\/i><i><\/i><\/p>\n<p class=\"p4\">Pour toute demande d\u2019information, vous pouvez contacter l\u2019EIH via le formulaire de contact disponible sur le site.<\/p>\n<p class=\"p1\">\n<p class=\"p3\"><b>2. Directeur de la publication<\/b><\/p>\n<p class=\"p4\">Le Directeur de la publication est le repr\u00e9sentant l\u00e9gal de la soci\u00e9t\u00e9 <b>\u00c9COLE D\u2019INTERVENTIONS HYPERBARES (EIH)<\/b>.<\/p>\n<p class=\"p1\">\n<p class=\"p3\"><b>3. Conception et r\u00e9alisation<\/b><\/p>\n<p class=\"p4\">Le site internet a \u00e9t\u00e9 con\u00e7u et r\u00e9alis\u00e9 par :<\/p>\n<p class=\"p4\"><b>Justine Rauby<\/b><b><\/b><\/p>\n<p class=\"p4\">Le site est d\u00e9velopp\u00e9 sous <b>WordPress<\/b>, avec l\u2019utilisation du th\u00e8me <b>Divi (Elegant Themes)<\/b>.<\/p>\n<p class=\"p1\">\n<p class=\"p3\"><b>4. H\u00e9bergement du site<\/b><\/p>\n<p class=\"p4\">Le site est h\u00e9berg\u00e9 par :<\/p>\n<p class=\"p4\"><b>OVH SAS<\/b><br \/>2 rue Kellermann<br \/>59100 Roubaix<br \/>France<br \/>Site web : <a href=\"https:\/\/www.ovh.com\/\"><span class=\"s1\">https:\/\/www.ovh.com<\/span><\/a><\/p>\n<p class=\"p1\">\n<p class=\"p3\"><b>5. Propri\u00e9t\u00e9 intellectuelle<\/b><\/p>\n<p class=\"p4\">L\u2019ensemble du contenu du site (textes, images, graphismes, logo, ic\u00f4nes, documents t\u00e9l\u00e9chargeables, vid\u00e9os, structure, etc.) est la propri\u00e9t\u00e9 exclusive de l\u2019<b>\u00c9COLE D\u2019INTERVENTIONS HYPERBARES (EIH)<\/b>, sauf mention contraire.<\/p>\n<p class=\"p4\">Toute reproduction, repr\u00e9sentation, modification, publication, adaptation de tout ou partie des \u00e9l\u00e9ments du site, quel que soit le moyen ou le proc\u00e9d\u00e9 utilis\u00e9, est interdite sans autorisation \u00e9crite pr\u00e9alable de l\u2019EIH.<\/p>\n<p class=\"p4\">Toute exploitation non autoris\u00e9e du site ou de l\u2019un quelconque de ses \u00e9l\u00e9ments sera consid\u00e9r\u00e9e comme constitutive d\u2019une contrefa\u00e7on et poursuivie conform\u00e9ment aux dispositions du Code de la propri\u00e9t\u00e9 intellectuelle.<\/p>\n<p class=\"p1\">\n<p class=\"p3\"><b>6. Responsabilit\u00e9<\/b><\/p>\n<p class=\"p4\">L\u2019EIH s\u2019efforce d\u2019assurer au mieux l\u2019exactitude et la mise \u00e0 jour des informations diffus\u00e9es sur son site. Toutefois, elle ne peut garantir l\u2019exactitude, la pr\u00e9cision ou l\u2019exhaustivit\u00e9 des informations mises \u00e0 disposition.<\/p>\n<p class=\"p4\">L\u2019EIH ne pourra \u00eatre tenue responsable :<\/p>\n<ul class=\"ul1\">\n<li class=\"li4\">des erreurs ou omissions,<\/li>\n<li class=\"li4\">d\u2019une absence de disponibilit\u00e9 des informations,<\/li>\n<li class=\"li4\">de tout dommage direct ou indirect r\u00e9sultant de l\u2019acc\u00e8s ou de l\u2019utilisation du site.<\/li>\n<\/ul>\n<p class=\"p4\">Le site peut contenir des liens hypertextes vers d\u2019autres sites. L\u2019EIH ne saurait \u00eatre tenue responsable du contenu de ces sites tiers.<\/p>\n<p class=\"p1\">\n<p class=\"p3\"><b>7. Donn\u00e9es personnelles<\/b><\/p>\n<p class=\"p4\">Les informations recueillies via les formulaires du site sont destin\u00e9es exclusivement \u00e0 l\u2019EIH dans le cadre du traitement des demandes d\u2019information, d\u2019inscription ou de contact.<\/p>\n<p class=\"p4\">Conform\u00e9ment au R\u00e8glement G\u00e9n\u00e9ral sur la Protection des Donn\u00e9es (RGPD) et \u00e0 la loi Informatique et Libert\u00e9s, toute personne dispose d\u2019un droit d\u2019acc\u00e8s, de rectification, d\u2019effacement, d\u2019opposition et de limitation du traitement des donn\u00e9es la concernant.<\/p>\n<p class=\"p4\">Ces droits peuvent \u00eatre exerc\u00e9s en adressant une demande \u00e9crite \u00e0 l\u2019adresse du si\u00e8ge social.<\/p>\n<p class=\"p4\">Les donn\u00e9es personnelles ne sont ni c\u00e9d\u00e9es ni vendues \u00e0 des tiers.<\/p>\n<p class=\"p1\">\n<p class=\"p3\"><b>8. Cookies<\/b><\/p>\n<p class=\"p4\">Le site peut utiliser des cookies afin d\u2019am\u00e9liorer l\u2019exp\u00e9rience utilisateur et r\u00e9aliser des statistiques de fr\u00e9quentation.<\/p>\n<p class=\"p4\">L\u2019utilisateur peut \u00e0 tout moment configurer son navigateur pour accepter, refuser ou supprimer les cookies.<\/p>\n<p class=\"p1\">\n<p class=\"p3\"><b>9. Droit applicable<\/b><\/p>\n<p class=\"p4\">Les pr\u00e9sentes mentions l\u00e9gales sont r\u00e9gies par le droit fran\u00e7ais.<\/p>\n<p class=\"p4\">En cas de litige et \u00e0 d\u00e9faut de r\u00e9solution amiable, les tribunaux comp\u00e9tents seront ceux du ressort du si\u00e8ge social de l\u2019\u00c9COLE D\u2019INTERVENTIONS HYPERBARES (EIH), sauf disposition l\u00e9gale contraire.<\/p>\n<p class=\"p5\">[\/et_pb_text][\/et_pb_column][\/et_pb_row][\/et_pb_section]<\/p>\n","protected":false},"excerpt":{"rendered":"<p>MENTIONS L\u00c9GALES 1. \u00c9diteur du site Le pr\u00e9sent site est \u00e9dit\u00e9 par : D\u00e9nomination sociale : \u00c9COLE D\u2019INTERVENTIONS HYPERBARES (EIH)Forme juridique : Soci\u00e9t\u00e9 par Actions Simplifi\u00e9e (SAS)Si\u00e8ge social : 8 Rue des Anciennes \u00c9coles, 83740 La Cadi\u00e8re-d\u2019Azur, FranceSIRET : 991 749 201 00018Code APE : 85.59A \u2013 Formation continue d\u2019adultesTVA : Applicable selon la r\u00e9glementation [&hellip;]<\/p>\n","protected":false},"author":1,"featured_media":0,"parent":0,"menu_order":0,"comment_status":"closed","ping_status":"closed","template":"","meta":{"_et_pb_use_builder":"on","_et_pb_old_content":"","_et_gb_content_width":"","footnotes":""},"class_list":["post-533","page","type-page","status-publish","hentry"],"_links":{"self":[{"href":"https:\/\/www.ecoleinterventionshyperbares.com\/index.php\/wp-json\/wp\/v2\/pages\/533","targetHints":{"allow":["GET"]}}],"collection":[{"href":"https:\/\/www.ecoleinterventionshyperbares.com\/index.php\/wp-json\/wp\/v2\/pages"}],"about":[{"href":"https:\/\/www.ecoleinterventionshyperbares.com\/index.php\/wp-json\/wp\/v2\/types\/page"}],"author":[{"embeddable":true,"href":"https:\/\/www.ecoleinterventionshyperbares.com\/index.php\/wp-json\/wp\/v2\/users\/1"}],"replies":[{"embeddable":true,"href":"https:\/\/www.ecoleinterventionshyperbares.com\/index.php\/wp-json\/wp\/v2\/comments?post=533"}],"version-history":[{"count":4,"href":"https:\/\/www.ecoleinterventionshyperbares.com\/index.php\/wp-json\/wp\/v2\/pages\/533\/revisions"}],"predecessor-version":[{"id":1103,"href":"https:\/\/www.ecoleinterventionshyperbares.com\/index.php\/wp-json\/wp\/v2\/pages\/533\/revisions\/1103"}],"wp:attachment":[{"href":"https:\/\/www.ecoleinterventionshyperbares.com\/index.php\/wp-json\/wp\/v2\/media?parent=533"}],"curies":[{"name":"wp","href":"https:\/\/api.w.org\/{rel}","templated":true}]}}