{"id":535,"date":"2026-02-03T10:52:10","date_gmt":"2026-02-03T10:52:10","guid":{"rendered":"https:\/\/www.ecoleinterventionshyperbares.com\/?page_id=535"},"modified":"2026-03-23T14:02:48","modified_gmt":"2026-03-23T14:02:48","slug":"protection-des-donnees","status":"publish","type":"page","link":"https:\/\/www.ecoleinterventionshyperbares.com\/index.php\/protection-des-donnees\/","title":{"rendered":"PROTECTION DES DONN\u00c9ES"},"content":{"rendered":"<p>[et_pb_section fb_built=\u00a0\u00bb1&Prime; _builder_version=\u00a0\u00bb4.27.5&Prime; _module_preset=\u00a0\u00bbdefault\u00a0\u00bb min_height=\u00a0\u00bb276px\u00a0\u00bb custom_padding=\u00a0\u00bb120px||0px|||\u00a0\u00bb global_colors_info=\u00a0\u00bb{}\u00a0\u00bb][\/et_pb_section][et_pb_section fb_built=\u00a0\u00bb1&Prime; _builder_version=\u00a0\u00bb4.27.5&Prime; _module_preset=\u00a0\u00bbdefault\u00a0\u00bb custom_padding=\u00a0\u00bb7px|||||\u00a0\u00bb global_colors_info=\u00a0\u00bb{}\u00a0\u00bb][et_pb_row _builder_version=\u00a0\u00bb4.27.5&Prime; _module_preset=\u00a0\u00bbdefault\u00a0\u00bb width=\u00a0\u00bb98%\u00a0\u00bb max_width=\u00a0\u00bb2487px\u00a0\u00bb global_colors_info=\u00a0\u00bb{}\u00a0\u00bb][et_pb_column type=\u00a0\u00bb4_4&Prime; _builder_version=\u00a0\u00bb4.27.5&Prime; _module_preset=\u00a0\u00bbdefault\u00a0\u00bb global_colors_info=\u00a0\u00bb{}\u00a0\u00bb][et_pb_text _builder_version=\u00a0\u00bb4.27.5&Prime; _module_preset=\u00a0\u00bbdefault\u00a0\u00bb text_font=\u00a0\u00bbFira Code|&#8211;et_global_body_font_weight||on|||||\u00a0\u00bb text_font_size=\u00a0\u00bb25px\u00a0\u00bb text_line_height=\u00a0\u00bb1.3em\u00a0\u00bb header_font=\u00a0\u00bbFira Code|||on|||||\u00a0\u00bb header_font_size=\u00a0\u00bb25px\u00a0\u00bb global_colors_info=\u00a0\u00bb{}\u00a0\u00bb]<\/p>\n<h1>protection des donn\u00e9es<\/h1>\n<p>[\/et_pb_text][\/et_pb_column][\/et_pb_row][\/et_pb_section][et_pb_section fb_built=\u00a0\u00bb1&Prime; _builder_version=\u00a0\u00bb4.27.5&Prime; _module_preset=\u00a0\u00bbdefault\u00a0\u00bb custom_padding=\u00a0\u00bb108px||8px|||\u00a0\u00bb global_colors_info=\u00a0\u00bb{}\u00a0\u00bb][et_pb_row _builder_version=\u00a0\u00bb4.27.5&Prime; _module_preset=\u00a0\u00bbdefault\u00a0\u00bb module_alignment=\u00a0\u00bbcenter\u00a0\u00bb custom_padding=\u00a0\u00bb20px||106px|||\u00a0\u00bb global_colors_info=\u00a0\u00bb{}\u00a0\u00bb][et_pb_column type=\u00a0\u00bb4_4&Prime; _builder_version=\u00a0\u00bb4.27.5&Prime; _module_preset=\u00a0\u00bbdefault\u00a0\u00bb global_colors_info=\u00a0\u00bb{}\u00a0\u00bb][et_pb_text _builder_version=\u00a0\u00bb4.27.5&Prime; _module_preset=\u00a0\u00bbdefault\u00a0\u00bb text_font=\u00a0\u00bbArial|||on|||||\u00a0\u00bb text_font_size=\u00a0\u00bb14px\u00a0\u00bb text_line_height=\u00a0\u00bb1.3em\u00a0\u00bb header_font=\u00a0\u00bbFira Code|||on|||||\u00a0\u00bb header_line_height=\u00a0\u00bb1.3em\u00a0\u00bb header_2_font=\u00a0\u00bbFira Code||||||||\u00a0\u00bb header_2_font_size=\u00a0\u00bb18px\u00a0\u00bb header_2_line_height=\u00a0\u00bb1.3em\u00a0\u00bb module_alignment=\u00a0\u00bbleft\u00a0\u00bb global_colors_info=\u00a0\u00bb{}\u00a0\u00bb]<\/p>\n<p class=\"p4\"><b>\u00c9COLE D\u2019INTERVENTIONS HYPERBARES (EIH)<\/b><b><\/b><\/p>\n<p class=\"p4\"><i>Derni\u00e8re mise \u00e0 jour : F\u00e9vrier 2026<\/i><i><\/i><\/p>\n<p class=\"p2\">\n<p class=\"p5\"><b><\/b><\/p>\n<p class=\"p5\"><b><\/b><\/p>\n<p class=\"p5\"><b>1. Introduction<\/b><\/p>\n<p class=\"p4\">La pr\u00e9sente politique de confidentialit\u00e9 a pour objectif d\u2019informer les utilisateurs du site internet de l\u2019\u00c9COLE D\u2019INTERVENTIONS HYPERBARES (EIH) des modalit\u00e9s de collecte, d\u2019utilisation et de protection de leurs donn\u00e9es personnelles, conform\u00e9ment :<\/p>\n<ul class=\"ul1\">\n<li class=\"li4\">au R\u00e8glement G\u00e9n\u00e9ral sur la Protection des Donn\u00e9es (RGPD \u2013 UE 2016\/679)<\/li>\n<li class=\"li4\">\u00e0 la loi Informatique et Libert\u00e9s<\/li>\n<\/ul>\n<p class=\"p4\">L\u2019EIH accorde une importance particuli\u00e8re \u00e0 la protection des donn\u00e9es personnelles et s\u2019engage \u00e0 assurer leur s\u00e9curit\u00e9 et leur confidentialit\u00e9.<\/p>\n<p class=\"p2\">\n<p class=\"p5\"><b>2. Responsable du traitement<\/b><\/p>\n<p class=\"p4\">Le responsable du traitement des donn\u00e9es est :<\/p>\n<p class=\"p4\"><b>\u00c9COLE D\u2019INTERVENTIONS HYPERBARES (EIH)<\/b><br \/>SAS<br \/>8 Rue des Anciennes \u00c9coles<br \/>83740 La Cadi\u00e8re-d\u2019Azur \u2013 France<br \/>SIRET : 991 749 201 00018<br \/>D\u00e9claration d\u2019activit\u00e9 : n\u00b0 93830857983 \u2013 Pr\u00e9fet R\u00e9gion PACA<\/p>\n<p class=\"p2\">\n<p class=\"p5\"><b>3. Donn\u00e9es collect\u00e9es<\/b><\/p>\n<p class=\"p4\">Dans le cadre de son activit\u00e9, l\u2019EIH peut collecter les donn\u00e9es suivantes via son site internet :<\/p>\n<p class=\"p6\"><b>Donn\u00e9es d\u2019identification<\/b><\/p>\n<ul class=\"ul1\">\n<li class=\"li4\">Nom<\/li>\n<li class=\"li4\">Pr\u00e9nom<\/li>\n<li class=\"li4\">Adresse e-mail<\/li>\n<li class=\"li4\">Num\u00e9ro de t\u00e9l\u00e9phone<\/li>\n<li class=\"li4\">Entreprise \/ Organisation<\/li>\n<li class=\"li4\">Fonction<\/li>\n<\/ul>\n<p class=\"p6\"><b>Donn\u00e9es li\u00e9es aux formations<\/b><\/p>\n<ul class=\"ul1\">\n<li class=\"li4\">Informations n\u00e9cessaires \u00e0 l\u2019inscription<\/li>\n<li class=\"li4\">Donn\u00e9es administratives obligatoires<\/li>\n<li class=\"li4\">Informations n\u00e9cessaires au suivi p\u00e9dagogique<\/li>\n<\/ul>\n<p class=\"p6\"><b>Donn\u00e9es de navigation<\/b><\/p>\n<ul class=\"ul1\">\n<li class=\"li4\">Adresse IP<\/li>\n<li class=\"li4\">Type de navigateur<\/li>\n<li class=\"li4\">Donn\u00e9es statistiques de fr\u00e9quentation (via cookies)<\/li>\n<\/ul>\n<p class=\"p4\">Les donn\u00e9es collect\u00e9es sont strictement n\u00e9cessaires aux finalit\u00e9s d\u00e9crites ci-dessous.<\/p>\n<p class=\"p2\">\n<p class=\"p5\"><b>4. Finalit\u00e9s du traitement<\/b><\/p>\n<p class=\"p4\">Les donn\u00e9es personnelles sont utilis\u00e9es afin de :<\/p>\n<ul class=\"ul1\">\n<li class=\"li4\">R\u00e9pondre aux demandes d\u2019information<\/li>\n<li class=\"li4\">G\u00e9rer les inscriptions aux formations<\/li>\n<li class=\"li4\">\u00c9tablir devis, conventions et documents administratifs<\/li>\n<li class=\"li4\">Assurer le suivi p\u00e9dagogique et r\u00e9glementaire<\/li>\n<li class=\"li4\">Respecter les obligations l\u00e9gales des organismes de formation<\/li>\n<li class=\"li4\">Am\u00e9liorer l\u2019exp\u00e9rience utilisateur du site<\/li>\n<li class=\"li4\">R\u00e9aliser des statistiques de fr\u00e9quentation<\/li>\n<\/ul>\n<p class=\"p2\">\n<p class=\"p5\"><b>5. Base l\u00e9gale des traitements<\/b><\/p>\n<p class=\"p4\">Les traitements reposent sur :<\/p>\n<ul class=\"ul1\">\n<li class=\"li4\">Le consentement de l\u2019utilisateur (formulaires, cookies)<\/li>\n<li class=\"li4\">L\u2019ex\u00e9cution d\u2019un contrat (inscription \u00e0 une formation)<\/li>\n<li class=\"li4\">Le respect d\u2019obligations l\u00e9gales (formation professionnelle)<\/li>\n<li class=\"li4\">L\u2019int\u00e9r\u00eat l\u00e9gitime de l\u2019EIH (gestion et am\u00e9lioration du site)<\/li>\n<\/ul>\n<p class=\"p2\">\n<p class=\"p5\"><b>6. Dur\u00e9e de conservation<\/b><\/p>\n<p class=\"p4\">Les donn\u00e9es sont conserv\u00e9es pour une dur\u00e9e proportionn\u00e9e aux finalit\u00e9s :<\/p>\n<ul class=\"ul1\">\n<li class=\"li4\">Donn\u00e9es de contact : 3 ans \u00e0 compter du dernier \u00e9change<\/li>\n<li class=\"li4\">Donn\u00e9es li\u00e9es \u00e0 une formation : dur\u00e9e l\u00e9gale applicable aux organismes de formation<\/li>\n<li class=\"li4\">Donn\u00e9es de facturation : 10 ans (obligation comptable)<\/li>\n<li class=\"li4\">Cookies : 13 mois maximum<\/li>\n<\/ul>\n<p class=\"p2\">\n<p class=\"p5\"><b>7. Destinataires des donn\u00e9es<\/b><\/p>\n<p class=\"p4\">Les donn\u00e9es personnelles sont destin\u00e9es exclusivement \u00e0 l\u2019EIH.<\/p>\n<p class=\"p4\">Elles peuvent \u00eatre transmises \u00e0 des prestataires techniques lorsque cela est n\u00e9cessaire :<\/p>\n<ul class=\"ul1\">\n<li class=\"li4\">H\u00e9bergement : <b>OVH (France)<\/b><b><\/b><\/li>\n<li class=\"li4\">Maintenance et gestion du site WordPress<\/li>\n<\/ul>\n<p class=\"p4\">Ces prestataires agissent dans le strict respect du RGPD.<\/p>\n<p class=\"p4\">Les donn\u00e9es ne sont ni vendues, ni lou\u00e9es, ni c\u00e9d\u00e9es \u00e0 des tiers.<\/p>\n<p class=\"p2\">\n<p class=\"p5\"><b>8. S\u00e9curit\u00e9 des donn\u00e9es<\/b><\/p>\n<p class=\"p4\">L\u2019EIH met en \u0153uvre toutes les mesures techniques et organisationnelles appropri\u00e9es :<\/p>\n<ul class=\"ul1\">\n<li class=\"li4\">H\u00e9bergement s\u00e9curis\u00e9 en France<\/li>\n<li class=\"li4\">Site prot\u00e9g\u00e9 par protocole HTTPS<\/li>\n<li class=\"li4\">Mises \u00e0 jour r\u00e9guli\u00e8res WordPress et extensions<\/li>\n<li class=\"li4\">Acc\u00e8s restreint aux donn\u00e9es<\/li>\n<\/ul>\n<p class=\"p2\">\n<p class=\"p5\"><b>9. Droits des personnes<\/b><\/p>\n<p class=\"p4\">Conform\u00e9ment au RGPD, vous disposez des droits suivants :<\/p>\n<ul class=\"ul1\">\n<li class=\"li4\">Droit d\u2019acc\u00e8s<\/li>\n<li class=\"li4\">Droit de rectification<\/li>\n<li class=\"li4\">Droit d\u2019effacement<\/li>\n<li class=\"li4\">Droit d\u2019opposition<\/li>\n<li class=\"li4\">Droit \u00e0 la limitation du traitement<\/li>\n<li class=\"li4\">Droit \u00e0 la portabilit\u00e9 des donn\u00e9es<\/li>\n<\/ul>\n<p class=\"p4\">Vous pouvez exercer vos droits en adressant une demande \u00e9crite \u00e0 :<\/p>\n<p class=\"p4\"><b>\u00c9COLE D\u2019INTERVENTIONS HYPERBARES (EIH)<\/b><br \/>8 Rue des Anciennes \u00c9coles<br \/>83740 La Cadi\u00e8re-d\u2019Azur \u2013 France<\/p>\n<p class=\"p4\">Vous disposez \u00e9galement du droit d\u2019introduire une r\u00e9clamation aupr\u00e8s de la CNIL :<br \/><a href=\"https:\/\/www.cnil.fr\/\"><span class=\"s1\">https:\/\/www.cnil.fr<\/span><\/a><\/p>\n<p class=\"p2\">\n<p class=\"p3\"><b>POLITIQUE DE GESTION DES COOKIES<\/b><\/p>\n<p class=\"p2\">\n<p class=\"p5\"><b>1. D\u00e9finition<\/b><\/p>\n<p class=\"p4\">Un cookie est un fichier texte d\u00e9pos\u00e9 sur votre terminal lors de la consultation d\u2019un site internet.<\/p>\n<p class=\"p2\">\n<p class=\"p5\"><b>2. Cookies utilis\u00e9s sur le site<\/b><\/p>\n<p class=\"p4\">Le site de l\u2019EIH, d\u00e9velopp\u00e9 sous WordPress avec le th\u00e8me Divi, peut utiliser :<\/p>\n<p class=\"p6\"><b>Cookies strictement n\u00e9cessaires<\/b><\/p>\n<ul class=\"ul1\">\n<li class=\"li4\">Fonctionnement du site<\/li>\n<li class=\"li4\">S\u00e9curit\u00e9<\/li>\n<li class=\"li4\">Gestion des formulaires<\/li>\n<\/ul>\n<p class=\"p4\">Ces cookies ne n\u00e9cessitent pas de consentement.<\/p>\n<p class=\"p6\"><b>Cookies de mesure d\u2019audience (le cas \u00e9ch\u00e9ant)<\/b><\/p>\n<ul class=\"ul1\">\n<li class=\"li4\">Analyse statistique<\/li>\n<li class=\"li4\">Mesure de performance<\/li>\n<\/ul>\n<p class=\"p4\">Ces cookies sont soumis \u00e0 votre consentement pr\u00e9alable.<\/p>\n<p class=\"p2\">\n<p class=\"p5\"><b>3. Gestion du consentement<\/b><\/p>\n<p class=\"p4\">Lors de votre premi\u00e8re visite, un bandeau cookies vous permet :<\/p>\n<ul class=\"ul1\">\n<li class=\"li4\">D\u2019accepter tous les cookies<\/li>\n<li class=\"li4\">De refuser les cookies non essentiels<\/li>\n<li class=\"li4\">De param\u00e9trer vos pr\u00e9f\u00e9rences<\/li>\n<\/ul>\n<p class=\"p4\">Vous pouvez modifier votre choix \u00e0 tout moment via l\u2019outil de gestion des cookies du site.<\/p>\n<p class=\"p2\">\n<p class=\"p5\"><b>4. Dur\u00e9e de conservation<\/b><\/p>\n<p class=\"p4\">Les cookies sont conserv\u00e9s pour une dur\u00e9e maximale de 13 mois.<\/p>\n<p class=\"p2\">\n<p class=\"p5\"><b>5. Param\u00e9trage du navigateur<\/b><\/p>\n<p class=\"p4\">Vous pouvez configurer votre navigateur afin de :<\/p>\n<ul class=\"ul1\">\n<li class=\"li4\">Refuser les cookies<\/li>\n<li class=\"li4\">Supprimer les cookies existants<\/li>\n<li class=\"li4\">\u00catre inform\u00e9 avant leur installation<\/li>\n<\/ul>\n<p class=\"p4\">La d\u00e9sactivation de certains cookies peut alt\u00e9rer le fonctionnement du sitE<\/p>\n<ul class=\"ul1\"><\/ul>\n<p>[\/et_pb_text][\/et_pb_column][\/et_pb_row][\/et_pb_section]<\/p>\n","protected":false},"excerpt":{"rendered":"<p>protection des donn\u00e9es\u00c9COLE D\u2019INTERVENTIONS HYPERBARES (EIH) Derni\u00e8re mise \u00e0 jour : F\u00e9vrier 2026 1. Introduction La pr\u00e9sente politique de confidentialit\u00e9 a pour objectif d\u2019informer les utilisateurs du site internet de l\u2019\u00c9COLE D\u2019INTERVENTIONS HYPERBARES (EIH) des modalit\u00e9s de collecte, d\u2019utilisation et de protection de leurs donn\u00e9es personnelles, conform\u00e9ment : au R\u00e8glement G\u00e9n\u00e9ral sur la Protection des [&hellip;]<\/p>\n","protected":false},"author":1,"featured_media":0,"parent":0,"menu_order":0,"comment_status":"closed","ping_status":"closed","template":"","meta":{"_et_pb_use_builder":"on","_et_pb_old_content":"","_et_gb_content_width":"","footnotes":""},"class_list":["post-535","page","type-page","status-publish","hentry"],"_links":{"self":[{"href":"https:\/\/www.ecoleinterventionshyperbares.com\/index.php\/wp-json\/wp\/v2\/pages\/535","targetHints":{"allow":["GET"]}}],"collection":[{"href":"https:\/\/www.ecoleinterventionshyperbares.com\/index.php\/wp-json\/wp\/v2\/pages"}],"about":[{"href":"https:\/\/www.ecoleinterventionshyperbares.com\/index.php\/wp-json\/wp\/v2\/types\/page"}],"author":[{"embeddable":true,"href":"https:\/\/www.ecoleinterventionshyperbares.com\/index.php\/wp-json\/wp\/v2\/users\/1"}],"replies":[{"embeddable":true,"href":"https:\/\/www.ecoleinterventionshyperbares.com\/index.php\/wp-json\/wp\/v2\/comments?post=535"}],"version-history":[{"count":5,"href":"https:\/\/www.ecoleinterventionshyperbares.com\/index.php\/wp-json\/wp\/v2\/pages\/535\/revisions"}],"predecessor-version":[{"id":1281,"href":"https:\/\/www.ecoleinterventionshyperbares.com\/index.php\/wp-json\/wp\/v2\/pages\/535\/revisions\/1281"}],"wp:attachment":[{"href":"https:\/\/www.ecoleinterventionshyperbares.com\/index.php\/wp-json\/wp\/v2\/media?parent=535"}],"curies":[{"name":"wp","href":"https:\/\/api.w.org\/{rel}","templated":true}]}}